{"id":2,"date":"2015-01-06T00:43:07","date_gmt":"2015-01-06T00:43:07","guid":{"rendered":"http:\/\/zelte-boehm.de\/new\/?page_id=2"},"modified":"2015-01-06T20:52:45","modified_gmt":"2015-01-06T20:52:45","slug":"beispiel-seite","status":"publish","type":"page","link":"https:\/\/zelte-boehm.de\/","title":{"rendered":"Zelte Boehm"},"content":{"rendered":"<p>HERZLICH WILLKOMMEN AUF UNSERER WEBSEITE<\/p>\n<p>Hier finden Sie fast alles, was Sie im Rheinland f\u00fcr Ihre Feier oder Festivit\u00e4t suchen.<\/p>\n<p>Unser Unternehmen haben wir 1994 gegr\u00fcndet . Von Jahr zu Jahr haben wir unser Angebot erweitert, um Ihnen m\u00f6glichst alles aus einer Hand liefern zu k\u00f6nnen. Das eine oder andere, das Sie nicht in unserem Angebot finden, versuchen wir Ihnen gerne zu besorgen oder zu vermitteln.<\/p>\n<p>Wir liefern Ihnen die Zelte, Zubeh\u00f6r, Toilettenwagen, H\u00fcpfburg usw. und bauen alles f\u00fcr Sie auf. Nach Ihrer Feier bauen wir alles ab und nehmen es wieder mit.<\/p>\n","protected":false},"excerpt":{"rendered":"<p>HERZLICH WILLKOMMEN AUF UNSERER WEBSEITE Hier finden Sie fast alles, was Sie im Rheinland f\u00fcr Ihre Feier oder Festivit\u00e4t suchen. Unser Unternehmen haben wir 1994 gegr\u00fcndet . Von Jahr zu Jahr haben wir unser Angebot erweitert, um Ihnen m\u00f6glichst alles aus einer Hand liefern zu k\u00f6nnen. Das eine oder andere, das Sie nicht in unserem&#8230; <\/p>\n<div class=\"read-more navbutton\"><a href=\"https:\/\/zelte-boehm.de\/\">Read More<i class=\"fa fa-angle-double-right\"><\/i><\/a><\/div>\n","protected":false},"author":1,"featured_media":0,"parent":0,"menu_order":0,"comment_status":"open","ping_status":"open","template":"","meta":{"footnotes":""},"_links":{"self":[{"href":"https:\/\/zelte-boehm.de\/index.php?rest_route=\/wp\/v2\/pages\/2"}],"collection":[{"href":"https:\/\/zelte-boehm.de\/index.php?rest_route=\/wp\/v2\/pages"}],"about":[{"href":"https:\/\/zelte-boehm.de\/index.php?rest_route=\/wp\/v2\/types\/page"}],"author":[{"embeddable":true,"href":"https:\/\/zelte-boehm.de\/index.php?rest_route=\/wp\/v2\/users\/1"}],"replies":[{"embeddable":true,"href":"https:\/\/zelte-boehm.de\/index.php?rest_route=%2Fwp%2Fv2%2Fcomments&post=2"}],"version-history":[{"count":10,"href":"https:\/\/zelte-boehm.de\/index.php?rest_route=\/wp\/v2\/pages\/2\/revisions"}],"predecessor-version":[{"id":60,"href":"https:\/\/zelte-boehm.de\/index.php?rest_route=\/wp\/v2\/pages\/2\/revisions\/60"}],"wp:attachment":[{"href":"https:\/\/zelte-boehm.de\/index.php?rest_route=%2Fwp%2Fv2%2Fmedia&parent=2"}],"curies":[{"name":"wp","href":"https:\/\/api.w.org\/{rel}","templated":true}]}}